{"id":1439,"date":"2023-11-24T10:01:59","date_gmt":"2023-11-24T13:01:59","guid":{"rendered":"http:\/\/pauloboccanunes.com.br\/?page_id=1439"},"modified":"2026-02-14T11:18:41","modified_gmt":"2026-02-14T14:18:41","slug":"trajetoria","status":"publish","type":"page","link":"https:\/\/pauloboccanunes.com.br\/index.php\/trajetoria\/","title":{"rendered":"TRAJET\u00d3RIA"},"content":{"rendered":"\n<h4 class=\"wp-block-heading has-black-color has-text-color has-link-color wp-elements-192efe8b05a8ad42bcee6461e564b045\" style=\"font-size:18px\"><strong>APRESENTA\u00c7\u00c3O<\/strong><\/h4>\n\n\n\n<p class=\"has-black-color has-text-color has-link-color wp-elements-3abe613c6fd9486cf1dee725da91c18a\" style=\"font-size:18px\">Paulo Bocca Nunes nasceu em 7 de junho de 1961 no munic\u00edpio de Canoas, regi\u00e3o metropolitana de Porto Alegre, RS. Iniciou na \u00e1rea art\u00edstica em 1978 em um grupo de teatro da Escola Estadual Maria Medianeira, de Sapucaia do Sul, RS. Mais tarde, participou de uma banda de rock, onde foi baixista, guitarrista, vocalista e compositor, tendo participado de uma colet\u00e2nea (Gera\u00e7\u00e3o Rock) com outras bandas. A partir de 1990, passou a fazer trabalhos profissionais em grupos de teatro, TV e r\u00e1dio.<\/p>\n\n\n\n<h4 class=\"wp-block-heading\"><strong>CARREIRA ART\u00cdSTICA<\/strong><\/h4>\n\n\n\n<p class=\"has-black-color has-text-color has-link-color wp-elements-594a54d2a2eb798ffe44937652654814\" style=\"font-size:18px\">Fez v\u00e1rios cursos de teatro, trabalhou como ator em diversos espet\u00e1culos teatrais e audiovisuais.<\/p>\n\n\n\n<p class=\"has-black-color has-text-color has-link-color wp-elements-331d9afa1fc858689a783efdab366f84\" style=\"font-size:18px\">Como diretor teatral participou em <em><strong>A floresta feliz<\/strong><\/em> (1996); <em><strong>Contos m\u00e1gicos<\/strong><\/em> (2003); <strong><em>O Construtor de Nuvens<\/em><\/strong> (2005); <em><strong>Machado: Filosofia Com Um Par de Botas<\/strong><\/em> (2006); <em><strong>Elvira e Marcos: Entre Sapos e Monstros<\/strong><\/em> (2011). Como ator participou de v\u00e1rios espet\u00e1culos, entre eles: <strong><em>Caminhos Que Cruzei, Amigos Que Encontrei<\/em><\/strong> (2003); <em><strong>Entrevista com Esp\u00edritos<\/strong><\/em> (2004); <em><strong>Desencontros<\/strong><\/em> (2005); <em><strong>Circo Eletr\u00f4nico<\/strong><\/em> (2005); <strong><em>Branca das Neves<\/em><\/strong> (2005); <em><strong>Paix\u00e3o de Cristo<\/strong><\/em> (2006); <strong><em>Luzes do Deus Menino<\/em><\/strong> (2011).<\/p>\n\n\n\n<p class=\"has-black-color has-text-color has-link-color wp-elements-43a195388b5df3c44cc6d3c1ea74a3d7\" style=\"font-size:18px\">Em 2007 ministrou oficinas e cursos de contadores de hist\u00f3rias pela Biblioteca Luc\u00edlia Minssen, localizada na Casa de Cultura M\u00e1rio Quintana, Porto Alegre, RS. No ano seguinte, junto com a diretora da biblioteca, Mar\u00edlia Sauer Diehl, contribuiu na cria\u00e7\u00e3o do <strong>Festival de Contadores de Hist\u00f3rias<\/strong>, passando a ser um de seus coordenadores colaboradores permanentes. O evento sempre aconteceu no m\u00eas de outubro e durou oito anos consecutivos.<\/p>\n\n\n\n<p class=\"has-black-color has-text-color has-link-color wp-elements-241a82f5d0238fad52d26999eb97b0f7\" style=\"font-size:18px\">Como m\u00fasico e compositor participou do \u00e1lbum <em><strong>Gera\u00e7\u00e3o Rock<\/strong><\/em>, em 1992, onde era o principal compositor. Em 2000 criou o projeto <em><strong>Castelo de Contos<\/strong><\/em> para atuar exclusivamente como contador de hist\u00f3rias.<\/p>\n\n\n\n<p class=\"has-black-color has-text-color has-link-color wp-elements-9c3d07e2dc4dd545af21fb6ca5cd85f0\" style=\"font-size:18px\">Tem trabalhos em comerciais para TV: <em><strong>Supermercado Real<\/strong><\/em> (1996); <em><strong>Zero Hora: Chefe do Noronha<\/strong><\/em> (2005); <strong><em>Lojas Paquet\u00e1<\/em><\/strong> (2008); <em><strong>Fiat Idea<\/strong><\/em> (2007); <em><strong>Lojas Dicico<\/strong><\/em> (2008). Participou do curta <em><strong>Noite<\/strong><\/em> da s\u00e9rie <strong><em>Cinco Vezes \u00c9rico<\/em><\/strong> (2005) e <em><strong>O Gigante de Botas<\/strong><\/em> (2008), ambos da RBS-TV. Tamb\u00e9m teve participa\u00e7\u00e3o na novela <strong><em>O Segredo<\/em><\/strong> (2009), uma produ\u00e7\u00e3o bi-nacional (Brasil-Portugal).<\/p>\n\n\n\n<h4 class=\"wp-block-heading\"><strong>CARREIRA LITER\u00c1RIA<\/strong><\/h4>\n\n\n\n<p class=\"has-black-color has-text-color has-link-color wp-elements-f3f024ca1f969d08c6caf8dae56fe265\" style=\"font-size:18px\">Em 2009 inicia efetivamente sua carreira liter\u00e1ria como escritor com o livro <em><strong>Os amigos de Elvira<\/strong><\/em>, e no ano seguinte publica <em><strong>Marcos e o Monstro<\/strong><\/em> e <em><strong>O construtor de Nuvens<\/strong><\/em>, todos para o p\u00fablico infantil. Ainda em 2010 publica <em><strong>Serenata Serena<\/strong><\/em>, uma colet\u00e2nea de poemas. Em 2013 publicou mais dois livros: <em><strong>Almas Esquivas<\/strong><\/em> (contos) e <strong><em>Literatura Infantil Contempor\u00e2nea \u2013 Capacitadora de Leitores Cr\u00edticos<\/em><\/strong>. Publicou em 2017 <strong>O Guardador de Estrelas<\/strong> para o p\u00fablico infanto-juvenil e o livro de poemas <strong><em>Entre luas e Mares<\/em><\/strong> na Feira do Livro de Porto Alegre em 2014. Nesse mesmo ano foi eleito presidente da Associa\u00e7\u00e3o Amigos da Biblioteca Luc\u00edlia Missen (Ablumi).<\/p>\n\n\n\n<p class=\"has-black-color has-text-color has-link-color wp-elements-64c0900ef1bf1e457455175581d9c38b\" style=\"font-size:18px\">Como escritor cadastrado no Instituto Estadual do Livro, RS, j\u00e1 participou de v\u00e1rios encontros dentro do projeto Autor Presente e da Caravana de Escritores do Minist\u00e9rio da Cultura, com presen\u00e7a em eventos liter\u00e1rios, culturais e Feiras do Livro, contando hist\u00f3rias, dando palestras e oficinas.<\/p>\n\n\n\n<p class=\"has-black-color has-text-color has-link-color wp-elements-ffa033819d9e7bf5c3223ca413ff028a\" style=\"font-size:18px\">A partir de 2020, Paulo decidiu por mudan\u00e7as na sua produ\u00e7\u00e3o liter\u00e1ria, ampliando os tipos de g\u00eaneros textuais de sua autoria. Dessa forma, surgiram <em><strong>D\u00favidas Frequentes de Portugu\u00eas: Guia Pr\u00e1tico<\/strong><\/em> (2024); <em><strong>Fic\u00e7\u00e3o Cient\u00edfica: A Import\u00e2ncia de Um G\u00eanero Vision\u00e1rio<\/strong><\/em> (2024) e <em><strong>Caladan-7: Fragmentos do Amanh\u00e3<\/strong><\/em> (2025). Mais detalhes sobre as obras publicadas por Paulo Bocca, voc\u00ea ver <strong><a href=\"https:\/\/pauloboccanunes.com.br\/index.php\/livros-e-publicacoes\/\" target=\"_blank\" rel=\"noreferrer noopener\"><mark style=\"background-color:rgba(0, 0, 0, 0);color:#0400f7\" class=\"has-inline-color\">CLICANDO AQUI<\/mark><\/a><\/strong>.<\/p>\n\n\n\n<h4 class=\"wp-block-heading\"><strong>CONTADOR DE HIST\u00d3RIAS<\/strong><\/h4>\n\n\n\n<p class=\"has-black-color has-text-color has-link-color wp-elements-e711ae4808a15a27392f65b5cb3d436a\" style=\"font-size:18px\">Tem participa\u00e7\u00e3o em diversas feiras de livro pelo Estado do Rio Grande do Sul como contador de hist\u00f3rias, palestrante ou oficineiro, ora contratado pelo sistema SESC ou SESI, ou por prefeituras. Foi escolhido como patrono para as feiras do livro de Imb\u00e9 (2013), Lindolfo Collor (2014) e em feiras escolares.<\/p>\n\n\n\n<p class=\"has-black-color has-text-color has-link-color wp-elements-ccc53eb48060edfa8f78648af6c56222\" style=\"font-size:18px\">Em 2012, fez parte do primeiro grupo de contadores de hist\u00f3rias do Brasil, composto por tr\u00eas pessoas, a participar do Festival de Barriocuentos, em Havana, capital de Cuba, e o primeiro n\u00e3o cubano a fazer a abertura do evento. Sua participa\u00e7\u00e3o foi como contador de hist\u00f3rias, oficineiro e palestrante, cujos temas foram a cultura brasileira e a literatura infantil no Brasil.\u00a0Pelo seu trabalho atuante como contador de hist\u00f3rias, desde 2011 \u00e9 membro da Red Internacional de Cuentacuentos (RIC), com sede em Tenerife, Espanha e conta com mais de mil contadores de hist\u00f3rias de cinquenta pa\u00edses dos cinco continentes. Seu perfil no site da RIC pode ser acessado <a href=\"http:\/\/www.cuentacuentos.eu\/narradores\/miembros\/brasil\/PauloBocca.htm\"><strong><mark style=\"background-color:rgba(0, 0, 0, 0);color:#1f00ea\" class=\"has-inline-color\">CLICANDO AQUI<\/mark><\/strong><\/a>.<\/p>\n\n\n\n<h4 class=\"wp-block-heading has-black-color has-text-color has-link-color wp-elements-10748ee3e6bd74f991ed8280bb22f9be\" style=\"font-size:18px\"><strong>CARREIRA ACAD\u00caMICA<\/strong><\/h4>\n\n\n\n<p class=\"has-black-color has-text-color has-link-color wp-elements-379db4a42bccfa5a41d58d5601d98632\" style=\"font-size:18px\">Paulo Bocca \u00e9 graduado em Letras pela FAE-ISEE, de Sapucaia do Sul, RS. Mestre em Letras, Cultura e Regionalidade pela Universidade de Caxias do Sul (UCS), RS. Possui especializa\u00e7\u00f5es em Cultura e Literatura Brasileira (Universidade Bar\u00e3o de Mau\u00e1) e Hist\u00f3ria e Cultura Ind\u00edgena e Afro-Brasileira (Ulbra-Canoas).<\/p>\n\n\n\n<p class=\"has-black-color has-text-color has-link-color wp-elements-edd0e6a6c875069cda607e6b8dce7f18\" style=\"font-size:18px\">Atualmente, \u00e9 professor de portugu\u00eas da rede municipal de Novo Hamburgo, RS. Em 2019 foi o idealizador e organizador do livro Jovens escritores da Arnaldo Gri, um colet\u00e2nea de contos dos alunos do 6\u00ba ao 9\u00ba anos. O livro foi publicado com recursos obtidos por meio de projetos da pr\u00f3pria escola sob a coordena\u00e7\u00e3o da dire\u00e7\u00e3o.<\/p>\n\n\n\n<h4 class=\"wp-block-heading\"><strong>PRODUTOR DE CONTE\u00daDO DIGITAL<\/strong><\/h4>\n\n\n\n<p class=\"has-black-color has-text-color has-link-color wp-elements-3f79f774297f006905fabaa2233a4edd\" style=\"font-size:18px\">Em 2011 criou um canal no Youtube para mostrar seus trabalhos na \u00e1rea art\u00edstica. Passou a usar as redes sociais (Facebook e Instagram) como forma de divulga\u00e7\u00e3o do seu trabalho como contador de hist\u00f3rias e escritor.<\/p>\n\n\n\n<p class=\"has-black-color has-text-color has-link-color wp-elements-6e754492594c742032fe62d99d5f393c\" style=\"font-size:18px\">Mas foi a partir de 2015 que passou a fazer projetos para seu site pessoal e outros dois: Entre textos e Leituras (desativado) e Leitura Pop, onde faz resenhas de livros, filmes e s\u00e9ries de fic\u00e7\u00e3o cient\u00edfica, alta fantasia e terror. Em 2021, criou o canal Leitura Pop no Youtube.<\/p>\n\n\n\n<p class=\"has-black-color has-text-color has-link-color wp-elements-932530c1f30e0dd46b662c9a4c6e7624\" style=\"font-size:18px\">Em 2022, Paulo Bocca criou o canal <em><strong>Ligado No Portugu\u00eas<\/strong><\/em>, voltado exclusivamente para conte\u00fados relacionados ao Portugu\u00eas. Em 2024, criou os canais <em><strong>Contato C\u00f3smico<\/strong><\/em> (mensagens motivadoras e espirituais) e <em><strong>Estrelas Incr\u00edveis<\/strong><\/em> (informa\u00e7\u00f5es sobre o cosmos e o espa\u00e7o). Aquele foi motivado por uma situa\u00e7\u00e3o muito dif\u00edcil com a sua sa\u00fade. Quanto a esse \u00faltimo canal, a grande motiva\u00e7\u00e3o foi o eu gosto pelo assunto desde a sua inf\u00e2ncia. Mais exatamente desde 1969 depois da chegada do homem \u00e0 Lua.<\/p>\n\n\n\n<h4 class=\"wp-block-heading\"><strong>INFORMA\u00c7\u00d5ES E CONTATOS<\/strong><\/h4>\n\n\n\n<p>Participa\u00e7\u00f5es em feiras do livro, palestras sobre literatura, cursos e oficinas:  <strong>pauloboccanunes.contato@gmail.com<\/strong><\/p>\n","protected":false},"excerpt":{"rendered":"<p>APRESENTA\u00c7\u00c3O Paulo Bocca Nunes nasceu em 7 de junho de 1961 no munic\u00edpio de Canoas, regi\u00e3o metropolitana de Porto Alegre, RS. Iniciou na \u00e1rea art\u00edstica em 1978 em um grupo de teatro da Escola Estadual Maria Medianeira, de Sapucaia do Sul, RS. Mais tarde, participou de uma banda de rock, onde foi baixista, guitarrista, vocalista &hellip; <\/p>\n","protected":false},"author":1,"featured_media":0,"parent":0,"menu_order":0,"comment_status":"closed","ping_status":"closed","template":"","meta":{"ngg_post_thumbnail":0,"footnotes":""},"class_list":["post-1439","page","type-page","status-publish","hentry"],"_links":{"self":[{"href":"https:\/\/pauloboccanunes.com.br\/index.php\/wp-json\/wp\/v2\/pages\/1439","targetHints":{"allow":["GET"]}}],"collection":[{"href":"https:\/\/pauloboccanunes.com.br\/index.php\/wp-json\/wp\/v2\/pages"}],"about":[{"href":"https:\/\/pauloboccanunes.com.br\/index.php\/wp-json\/wp\/v2\/types\/page"}],"author":[{"embeddable":true,"href":"https:\/\/pauloboccanunes.com.br\/index.php\/wp-json\/wp\/v2\/users\/1"}],"replies":[{"embeddable":true,"href":"https:\/\/pauloboccanunes.com.br\/index.php\/wp-json\/wp\/v2\/comments?post=1439"}],"version-history":[{"count":48,"href":"https:\/\/pauloboccanunes.com.br\/index.php\/wp-json\/wp\/v2\/pages\/1439\/revisions"}],"predecessor-version":[{"id":2926,"href":"https:\/\/pauloboccanunes.com.br\/index.php\/wp-json\/wp\/v2\/pages\/1439\/revisions\/2926"}],"wp:attachment":[{"href":"https:\/\/pauloboccanunes.com.br\/index.php\/wp-json\/wp\/v2\/media?parent=1439"}],"curies":[{"name":"wp","href":"https:\/\/api.w.org\/{rel}","templated":true}]}}