{"id":1441,"date":"2023-11-24T10:02:42","date_gmt":"2023-11-24T13:02:42","guid":{"rendered":"http:\/\/pauloboccanunes.com.br\/?page_id=1441"},"modified":"2025-01-29T08:36:46","modified_gmt":"2025-01-29T11:36:46","slug":"fotos-e-imagens","status":"publish","type":"page","link":"https:\/\/pauloboccanunes.com.br\/index.php\/fotos-e-imagens\/","title":{"rendered":"FOTOS E IMAGENS"},"content":{"rendered":"\n<p>Abaixo, v\u00eddeo com fotos da trajet\u00f3ria de Paulo Bocca Nunes.<\/p>\n\n\n\n<div class=\"wp-block-media-text is-stacked-on-mobile\" style=\"grid-template-columns:67% auto\"><figure class=\"wp-block-media-text__media\"><video controls src=\"https:\/\/pauloboccanunes.com.br\/wp-content\/uploads\/2025\/01\/PAULO-BOCCA-NUNES_TRAJETORIA-EM-VIDEO.mp4\"><\/video><\/figure><div class=\"wp-block-media-text__content\">\n<p><\/p>\n<\/div><\/div>\n\n\n\n<p><\/p>\n\n\n\n<p><strong>Para ver as mesmas fotos, voc\u00ea pode acessar o PDF<\/strong> <strong><a href=\"https:\/\/pauloboccanunes.com.br\/wp-content\/uploads\/2025\/01\/PAULO-BOCCA-NUNES_TRAJETORIA-EM-FOTOS.pdf\" target=\"_blank\" rel=\"noreferrer noopener\">AQUI<\/a><\/strong>.<\/p>\n\n\n\n<p><\/p>\n","protected":false},"excerpt":{"rendered":"<p>Abaixo, v\u00eddeo com fotos da trajet\u00f3ria de Paulo Bocca Nunes. Para ver as mesmas fotos, voc\u00ea pode acessar o PDF AQUI.<\/p>\n","protected":false},"author":1,"featured_media":0,"parent":0,"menu_order":0,"comment_status":"closed","ping_status":"closed","template":"","meta":{"ngg_post_thumbnail":0,"footnotes":""},"class_list":["post-1441","page","type-page","status-publish","hentry"],"_links":{"self":[{"href":"https:\/\/pauloboccanunes.com.br\/index.php\/wp-json\/wp\/v2\/pages\/1441","targetHints":{"allow":["GET"]}}],"collection":[{"href":"https:\/\/pauloboccanunes.com.br\/index.php\/wp-json\/wp\/v2\/pages"}],"about":[{"href":"https:\/\/pauloboccanunes.com.br\/index.php\/wp-json\/wp\/v2\/types\/page"}],"author":[{"embeddable":true,"href":"https:\/\/pauloboccanunes.com.br\/index.php\/wp-json\/wp\/v2\/users\/1"}],"replies":[{"embeddable":true,"href":"https:\/\/pauloboccanunes.com.br\/index.php\/wp-json\/wp\/v2\/comments?post=1441"}],"version-history":[{"count":10,"href":"https:\/\/pauloboccanunes.com.br\/index.php\/wp-json\/wp\/v2\/pages\/1441\/revisions"}],"predecessor-version":[{"id":2443,"href":"https:\/\/pauloboccanunes.com.br\/index.php\/wp-json\/wp\/v2\/pages\/1441\/revisions\/2443"}],"wp:attachment":[{"href":"https:\/\/pauloboccanunes.com.br\/index.php\/wp-json\/wp\/v2\/media?parent=1441"}],"curies":[{"name":"wp","href":"https:\/\/api.w.org\/{rel}","templated":true}]}}