{"id":1447,"date":"2023-11-24T10:05:57","date_gmt":"2023-11-24T13:05:57","guid":{"rendered":"http:\/\/pauloboccanunes.com.br\/?page_id=1447"},"modified":"2025-08-02T18:32:10","modified_gmt":"2025-08-02T21:32:10","slug":"artigos-autorais","status":"publish","type":"page","link":"https:\/\/pauloboccanunes.com.br\/index.php\/artigos-autorais\/","title":{"rendered":"ARTIGOS AUTORAIS"},"content":{"rendered":"\n<p>Nesta p\u00e1gina voc\u00ea encontrar\u00e1 diversos artigos de minha autoria dos mais variados assuntos relacionados \u00e0 \u00e1rea de portugu\u00eas, literatura de conta\u00e7\u00e3o de hist\u00f3rias, at\u00e9 mesmo sobre a profiss\u00e3o de professor. <\/p>\n\n\n\n<div class=\"wp-block-columns is-layout-flex wp-container-core-columns-is-layout-9d6595d7 wp-block-columns-is-layout-flex\">\n<div class=\"wp-block-column is-layout-flow wp-block-column-is-layout-flow\">\n<div class=\"wp-block-cover\"><img fetchpriority=\"high\" decoding=\"async\" width=\"600\" height=\"414\" class=\"wp-block-cover__image-background wp-image-1134\" alt=\"\" src=\"https:\/\/pauloboccanunes.com.br\/wp-content\/uploads\/2023\/11\/1700233127166.png\" data-object-fit=\"cover\" srcset=\"https:\/\/pauloboccanunes.com.br\/wp-content\/uploads\/2023\/11\/1700233127166.png 600w, https:\/\/pauloboccanunes.com.br\/wp-content\/uploads\/2023\/11\/1700233127166-300x207.png 300w\" sizes=\"(max-width: 600px) 100vw, 600px\" \/><span aria-hidden=\"true\" class=\"wp-block-cover__background has-background-dim\"><\/span><div class=\"wp-block-cover__inner-container is-layout-flow wp-block-cover-is-layout-flow\">\n<p class=\"has-text-align-center has-large-font-size\"><a href=\"https:\/\/pauloboccanunes.com.br\/index.php\/2023\/11\/17\/a-exaustao-do-professor-esta-valendo-a-pena\">A Exaust\u00e3o do professor est\u00e1 valendo a pena?<\/a><\/p>\n<\/div><\/div>\n<\/div>\n\n\n\n<div class=\"wp-block-column is-layout-flow wp-block-column-is-layout-flow\"><\/div>\n\n\n\n<div class=\"wp-block-column is-layout-flow wp-block-column-is-layout-flow\"><\/div>\n<\/div>\n\n\n\n<p><\/p>\n","protected":false},"excerpt":{"rendered":"<p>Nesta p\u00e1gina voc\u00ea encontrar\u00e1 diversos artigos de minha autoria dos mais variados assuntos relacionados \u00e0 \u00e1rea de portugu\u00eas, literatura de conta\u00e7\u00e3o de hist\u00f3rias, at\u00e9 mesmo sobre a profiss\u00e3o de professor.<\/p>\n","protected":false},"author":1,"featured_media":0,"parent":0,"menu_order":0,"comment_status":"closed","ping_status":"closed","template":"","meta":{"ngg_post_thumbnail":0,"footnotes":""},"class_list":["post-1447","page","type-page","status-publish","hentry"],"_links":{"self":[{"href":"https:\/\/pauloboccanunes.com.br\/index.php\/wp-json\/wp\/v2\/pages\/1447","targetHints":{"allow":["GET"]}}],"collection":[{"href":"https:\/\/pauloboccanunes.com.br\/index.php\/wp-json\/wp\/v2\/pages"}],"about":[{"href":"https:\/\/pauloboccanunes.com.br\/index.php\/wp-json\/wp\/v2\/types\/page"}],"author":[{"embeddable":true,"href":"https:\/\/pauloboccanunes.com.br\/index.php\/wp-json\/wp\/v2\/users\/1"}],"replies":[{"embeddable":true,"href":"https:\/\/pauloboccanunes.com.br\/index.php\/wp-json\/wp\/v2\/comments?post=1447"}],"version-history":[{"count":5,"href":"https:\/\/pauloboccanunes.com.br\/index.php\/wp-json\/wp\/v2\/pages\/1447\/revisions"}],"predecessor-version":[{"id":2500,"href":"https:\/\/pauloboccanunes.com.br\/index.php\/wp-json\/wp\/v2\/pages\/1447\/revisions\/2500"}],"wp:attachment":[{"href":"https:\/\/pauloboccanunes.com.br\/index.php\/wp-json\/wp\/v2\/media?parent=1447"}],"curies":[{"name":"wp","href":"https:\/\/api.w.org\/{rel}","templated":true}]}}