{"id":1453,"date":"2023-11-24T10:08:12","date_gmt":"2023-11-24T13:08:12","guid":{"rendered":"http:\/\/pauloboccanunes.com.br\/?page_id=1453"},"modified":"2024-03-30T17:08:14","modified_gmt":"2024-03-30T20:08:14","slug":"cursos-e-oficinas","status":"publish","type":"page","link":"https:\/\/pauloboccanunes.com.br\/index.php\/cursos-e-oficinas\/","title":{"rendered":"PRODUTOR DE CONTE\u00daDO DIGITAL"},"content":{"rendered":"\n<p>Paulo Bocca Nunes est\u00e1 em v\u00e1rias m\u00eddias digitais com diversos tipos de conte\u00fados. S\u00e3o sites, canais do Youtube e redes sociais. Ao acessar, inscreva-se ou siga<\/p>\n\n\n\n<div class=\"wp-block-columns is-layout-flex wp-container-core-columns-is-layout-9d6595d7 wp-block-columns-is-layout-flex\">\n<div class=\"wp-block-column is-layout-flow wp-block-column-is-layout-flow\">\n<figure class=\"wp-block-image size-large\"><img fetchpriority=\"high\" decoding=\"async\" width=\"576\" height=\"1024\" src=\"https:\/\/pauloboccanunes.com.br\/wp-content\/uploads\/2024\/03\/LEITURA-POP_YOUTUBE-576x1024.jpg\" alt=\"\" class=\"wp-image-2208\" srcset=\"https:\/\/pauloboccanunes.com.br\/wp-content\/uploads\/2024\/03\/LEITURA-POP_YOUTUBE-576x1024.jpg 576w, https:\/\/pauloboccanunes.com.br\/wp-content\/uploads\/2024\/03\/LEITURA-POP_YOUTUBE-169x300.jpg 169w, https:\/\/pauloboccanunes.com.br\/wp-content\/uploads\/2024\/03\/LEITURA-POP_YOUTUBE-768x1365.jpg 768w, https:\/\/pauloboccanunes.com.br\/wp-content\/uploads\/2024\/03\/LEITURA-POP_YOUTUBE-864x1536.jpg 864w, https:\/\/pauloboccanunes.com.br\/wp-content\/uploads\/2024\/03\/LEITURA-POP_YOUTUBE.jpg 1080w\" sizes=\"(max-width: 576px) 100vw, 576px\" \/><\/figure>\n\n\n\n<p class=\"has-small-font-size\"><strong><a href=\"https:\/\/www.youtube.com\/channel\/UCMYjggwH-QZvXbrOAppwf5w\" target=\"_blank\" rel=\"noreferrer noopener\">ACESSE O CANAL LEITURA POP AQUI<\/a><\/strong><\/p>\n<\/div>\n\n\n\n<div class=\"wp-block-column is-layout-flow wp-block-column-is-layout-flow\">\n<figure class=\"wp-block-image size-large\"><img decoding=\"async\" width=\"576\" height=\"1024\" src=\"https:\/\/pauloboccanunes.com.br\/wp-content\/uploads\/2024\/03\/LIGADO-NO-PORTUGUES_YOUTUBE-576x1024.jpg\" alt=\"\" class=\"wp-image-2209\" srcset=\"https:\/\/pauloboccanunes.com.br\/wp-content\/uploads\/2024\/03\/LIGADO-NO-PORTUGUES_YOUTUBE-576x1024.jpg 576w, https:\/\/pauloboccanunes.com.br\/wp-content\/uploads\/2024\/03\/LIGADO-NO-PORTUGUES_YOUTUBE-169x300.jpg 169w, https:\/\/pauloboccanunes.com.br\/wp-content\/uploads\/2024\/03\/LIGADO-NO-PORTUGUES_YOUTUBE-768x1365.jpg 768w, https:\/\/pauloboccanunes.com.br\/wp-content\/uploads\/2024\/03\/LIGADO-NO-PORTUGUES_YOUTUBE-864x1536.jpg 864w, https:\/\/pauloboccanunes.com.br\/wp-content\/uploads\/2024\/03\/LIGADO-NO-PORTUGUES_YOUTUBE.jpg 1080w\" sizes=\"(max-width: 576px) 100vw, 576px\" \/><\/figure>\n\n\n\n<p class=\"has-small-font-size\"><strong><a href=\"https:\/\/www.youtube.com\/channel\/UCc3ejnZ-DPQpYrHPqLd9a2Q\" target=\"_blank\" rel=\"noreferrer noopener\">ACESAL LIGADO NO PORTUGU\u00caS AQUI.<\/a><\/strong><\/p>\n<\/div>\n\n\n\n<div class=\"wp-block-column is-layout-flow wp-block-column-is-layout-flow\">\n<figure class=\"wp-block-image size-large\"><img decoding=\"async\" width=\"576\" height=\"1024\" src=\"https:\/\/pauloboccanunes.com.br\/wp-content\/uploads\/2024\/03\/PAULO-BOCCA-NUNES_YOUTUBE-576x1024.jpg\" alt=\"\" class=\"wp-image-2210\" srcset=\"https:\/\/pauloboccanunes.com.br\/wp-content\/uploads\/2024\/03\/PAULO-BOCCA-NUNES_YOUTUBE-576x1024.jpg 576w, https:\/\/pauloboccanunes.com.br\/wp-content\/uploads\/2024\/03\/PAULO-BOCCA-NUNES_YOUTUBE-169x300.jpg 169w, https:\/\/pauloboccanunes.com.br\/wp-content\/uploads\/2024\/03\/PAULO-BOCCA-NUNES_YOUTUBE-768x1365.jpg 768w, https:\/\/pauloboccanunes.com.br\/wp-content\/uploads\/2024\/03\/PAULO-BOCCA-NUNES_YOUTUBE-864x1536.jpg 864w, https:\/\/pauloboccanunes.com.br\/wp-content\/uploads\/2024\/03\/PAULO-BOCCA-NUNES_YOUTUBE.jpg 1080w\" sizes=\"(max-width: 576px) 100vw, 576px\" \/><\/figure>\n\n\n\n<p class=\"has-small-font-size\"><strong><a href=\"https:\/\/www.youtube.com\/channel\/UCbCaegkP01oycDvIVezvsuA\" data-type=\"link\" data-id=\"https:\/\/www.youtube.com\/channel\/UCMYjggwH-QZvXbrOAppwf5w\" target=\"_blank\" rel=\"noreferrer noopener\">ACESSE O CANAL PAULO BOCCA AQUI.<\/a><\/strong><\/p>\n<\/div>\n<\/div>\n\n\n\n<div class=\"wp-block-columns is-layout-flex wp-container-core-columns-is-layout-9d6595d7 wp-block-columns-is-layout-flex\">\n<div class=\"wp-block-column is-layout-flow wp-block-column-is-layout-flow\">\n<figure class=\"wp-block-image size-large\"><img loading=\"lazy\" decoding=\"async\" width=\"576\" height=\"1024\" src=\"https:\/\/pauloboccanunes.com.br\/wp-content\/uploads\/2024\/03\/LEITURA-POP_SITE-576x1024.jpg\" alt=\"\" class=\"wp-image-2199\" srcset=\"https:\/\/pauloboccanunes.com.br\/wp-content\/uploads\/2024\/03\/LEITURA-POP_SITE-576x1024.jpg 576w, https:\/\/pauloboccanunes.com.br\/wp-content\/uploads\/2024\/03\/LEITURA-POP_SITE-169x300.jpg 169w, https:\/\/pauloboccanunes.com.br\/wp-content\/uploads\/2024\/03\/LEITURA-POP_SITE-768x1365.jpg 768w, https:\/\/pauloboccanunes.com.br\/wp-content\/uploads\/2024\/03\/LEITURA-POP_SITE-864x1536.jpg 864w, https:\/\/pauloboccanunes.com.br\/wp-content\/uploads\/2024\/03\/LEITURA-POP_SITE.jpg 1080w\" sizes=\"(max-width: 576px) 100vw, 576px\" \/><\/figure>\n\n\n\n<p class=\"has-small-font-size\"><a href=\"http:\/\/leiturapop.com.br\" target=\"_blank\" rel=\"noreferrer noopener\"><strong>SITE LEITURA POP ACESSE AQUI<\/strong><\/a><\/p>\n\n\n\n<div class=\"wp-block-buttons is-layout-flex wp-block-buttons-is-layout-flex\"><\/div>\n<\/div>\n\n\n\n<div class=\"wp-block-column is-layout-flow wp-block-column-is-layout-flow\">\n<figure class=\"wp-block-image size-large\"><img loading=\"lazy\" decoding=\"async\" width=\"576\" height=\"1024\" src=\"https:\/\/pauloboccanunes.com.br\/wp-content\/uploads\/2024\/03\/LIGADO-NO-PORTUGUES_SITE-1-576x1024.jpg\" alt=\"\" class=\"wp-image-2202\" srcset=\"https:\/\/pauloboccanunes.com.br\/wp-content\/uploads\/2024\/03\/LIGADO-NO-PORTUGUES_SITE-1-576x1024.jpg 576w, https:\/\/pauloboccanunes.com.br\/wp-content\/uploads\/2024\/03\/LIGADO-NO-PORTUGUES_SITE-1-169x300.jpg 169w, https:\/\/pauloboccanunes.com.br\/wp-content\/uploads\/2024\/03\/LIGADO-NO-PORTUGUES_SITE-1-768x1365.jpg 768w, https:\/\/pauloboccanunes.com.br\/wp-content\/uploads\/2024\/03\/LIGADO-NO-PORTUGUES_SITE-1-864x1536.jpg 864w, https:\/\/pauloboccanunes.com.br\/wp-content\/uploads\/2024\/03\/LIGADO-NO-PORTUGUES_SITE-1.jpg 1080w\" sizes=\"(max-width: 576px) 100vw, 576px\" \/><\/figure>\n\n\n\n<p class=\"has-small-font-size\"><strong><a href=\"http:\/\/ligadonoportugues.com.br\/\" target=\"_blank\" rel=\"noreferrer noopener\">SITE LIGADO NO PORTUGU\u00caS ACESSE AQUI<\/a><\/strong><\/p>\n\n\n\n<div class=\"wp-block-buttons is-layout-flex wp-block-buttons-is-layout-flex\"><\/div>\n<\/div>\n\n\n\n<div class=\"wp-block-column is-layout-flow wp-block-column-is-layout-flow\">\n<figure class=\"wp-block-image size-large\"><img loading=\"lazy\" decoding=\"async\" width=\"576\" height=\"1024\" src=\"https:\/\/pauloboccanunes.com.br\/wp-content\/uploads\/2024\/03\/LIGADO_FACEBOOK-576x1024.jpg\" alt=\"\" class=\"wp-image-2226\" srcset=\"https:\/\/pauloboccanunes.com.br\/wp-content\/uploads\/2024\/03\/LIGADO_FACEBOOK-576x1024.jpg 576w, https:\/\/pauloboccanunes.com.br\/wp-content\/uploads\/2024\/03\/LIGADO_FACEBOOK-169x300.jpg 169w, https:\/\/pauloboccanunes.com.br\/wp-content\/uploads\/2024\/03\/LIGADO_FACEBOOK-768x1365.jpg 768w, https:\/\/pauloboccanunes.com.br\/wp-content\/uploads\/2024\/03\/LIGADO_FACEBOOK-864x1536.jpg 864w, https:\/\/pauloboccanunes.com.br\/wp-content\/uploads\/2024\/03\/LIGADO_FACEBOOK.jpg 1080w\" sizes=\"(max-width: 576px) 100vw, 576px\" \/><\/figure>\n\n\n\n<p class=\"has-small-font-size\"><strong><a href=\"https:\/\/www.facebook.com\/profile.php?id=61557698277772\" target=\"_blank\" rel=\"noreferrer noopener\">FACEBOOK ACESSE AQUI<\/a><\/strong><\/p>\n\n\n\n<div class=\"wp-block-buttons is-layout-flex wp-block-buttons-is-layout-flex\"><\/div>\n\n\n\n<div class=\"wp-block-buttons is-layout-flex wp-block-buttons-is-layout-flex\"><\/div>\n<\/div>\n<\/div>\n\n\n\n<div class=\"wp-block-columns is-layout-flex wp-container-core-columns-is-layout-9d6595d7 wp-block-columns-is-layout-flex\">\n<div class=\"wp-block-column is-layout-flow wp-block-column-is-layout-flow\">\n<figure class=\"wp-block-image size-large is-resized\"><img loading=\"lazy\" decoding=\"async\" width=\"576\" height=\"1024\" src=\"https:\/\/pauloboccanunes.com.br\/wp-content\/uploads\/2024\/03\/PAULO-BOCCA_THREADS-576x1024.jpg\" alt=\"\" class=\"wp-image-2205\" style=\"width:274px;height:auto\" srcset=\"https:\/\/pauloboccanunes.com.br\/wp-content\/uploads\/2024\/03\/PAULO-BOCCA_THREADS-576x1024.jpg 576w, https:\/\/pauloboccanunes.com.br\/wp-content\/uploads\/2024\/03\/PAULO-BOCCA_THREADS-169x300.jpg 169w, https:\/\/pauloboccanunes.com.br\/wp-content\/uploads\/2024\/03\/PAULO-BOCCA_THREADS-768x1365.jpg 768w, https:\/\/pauloboccanunes.com.br\/wp-content\/uploads\/2024\/03\/PAULO-BOCCA_THREADS-864x1536.jpg 864w, https:\/\/pauloboccanunes.com.br\/wp-content\/uploads\/2024\/03\/PAULO-BOCCA_THREADS.jpg 1080w\" sizes=\"(max-width: 576px) 100vw, 576px\" \/><\/figure>\n\n\n\n<p class=\"has-small-font-size\"><strong>THREADS ACESSE AQUI<\/strong><\/p>\n<\/div>\n\n\n\n<div class=\"wp-block-column is-layout-flow wp-block-column-is-layout-flow\">\n<figure class=\"wp-block-image size-large\"><img loading=\"lazy\" decoding=\"async\" width=\"576\" height=\"1024\" src=\"https:\/\/pauloboccanunes.com.br\/wp-content\/uploads\/2024\/03\/PAULO-BOCCA_X-576x1024.jpg\" alt=\"\" class=\"wp-image-2206\" srcset=\"https:\/\/pauloboccanunes.com.br\/wp-content\/uploads\/2024\/03\/PAULO-BOCCA_X-576x1024.jpg 576w, https:\/\/pauloboccanunes.com.br\/wp-content\/uploads\/2024\/03\/PAULO-BOCCA_X-169x300.jpg 169w, https:\/\/pauloboccanunes.com.br\/wp-content\/uploads\/2024\/03\/PAULO-BOCCA_X-768x1365.jpg 768w, https:\/\/pauloboccanunes.com.br\/wp-content\/uploads\/2024\/03\/PAULO-BOCCA_X-864x1536.jpg 864w, https:\/\/pauloboccanunes.com.br\/wp-content\/uploads\/2024\/03\/PAULO-BOCCA_X.jpg 1080w\" sizes=\"(max-width: 576px) 100vw, 576px\" \/><\/figure>\n\n\n\n<p class=\"has-small-font-size\">PERFIL DO X, AESSE AQUI.<\/p>\n<\/div>\n\n\n\n<div class=\"wp-block-column is-layout-flow wp-block-column-is-layout-flow\">\n<figure class=\"wp-block-image size-large\"><img loading=\"lazy\" decoding=\"async\" width=\"576\" height=\"1024\" src=\"https:\/\/pauloboccanunes.com.br\/wp-content\/uploads\/2024\/03\/PAULO-BOCCA-NUNES_FACEBOOK-576x1024.jpg\" alt=\"\" class=\"wp-image-2207\" srcset=\"https:\/\/pauloboccanunes.com.br\/wp-content\/uploads\/2024\/03\/PAULO-BOCCA-NUNES_FACEBOOK-576x1024.jpg 576w, https:\/\/pauloboccanunes.com.br\/wp-content\/uploads\/2024\/03\/PAULO-BOCCA-NUNES_FACEBOOK-169x300.jpg 169w, https:\/\/pauloboccanunes.com.br\/wp-content\/uploads\/2024\/03\/PAULO-BOCCA-NUNES_FACEBOOK-768x1365.jpg 768w, https:\/\/pauloboccanunes.com.br\/wp-content\/uploads\/2024\/03\/PAULO-BOCCA-NUNES_FACEBOOK-864x1536.jpg 864w, https:\/\/pauloboccanunes.com.br\/wp-content\/uploads\/2024\/03\/PAULO-BOCCA-NUNES_FACEBOOK.jpg 1080w\" sizes=\"(max-width: 576px) 100vw, 576px\" \/><\/figure>\n\n\n\n<p class=\"has-small-font-size\">FACECBOOK ACESSE AQUI.<\/p>\n<\/div>\n<\/div>\n\n\n\n<div class=\"wp-block-columns is-layout-flex wp-container-core-columns-is-layout-9d6595d7 wp-block-columns-is-layout-flex\">\n<div class=\"wp-block-column is-layout-flow wp-block-column-is-layout-flow\">\n<figure class=\"wp-block-image size-large\"><img loading=\"lazy\" decoding=\"async\" width=\"576\" height=\"1024\" src=\"https:\/\/pauloboccanunes.com.br\/wp-content\/uploads\/2024\/03\/ESTRELAS-INCRIVEIS_YOUTUBE-576x1024.jpg\" alt=\"\" class=\"wp-image-2212\" srcset=\"https:\/\/pauloboccanunes.com.br\/wp-content\/uploads\/2024\/03\/ESTRELAS-INCRIVEIS_YOUTUBE-576x1024.jpg 576w, https:\/\/pauloboccanunes.com.br\/wp-content\/uploads\/2024\/03\/ESTRELAS-INCRIVEIS_YOUTUBE-169x300.jpg 169w, https:\/\/pauloboccanunes.com.br\/wp-content\/uploads\/2024\/03\/ESTRELAS-INCRIVEIS_YOUTUBE-768x1365.jpg 768w, https:\/\/pauloboccanunes.com.br\/wp-content\/uploads\/2024\/03\/ESTRELAS-INCRIVEIS_YOUTUBE-864x1536.jpg 864w, https:\/\/pauloboccanunes.com.br\/wp-content\/uploads\/2024\/03\/ESTRELAS-INCRIVEIS_YOUTUBE.jpg 1080w\" sizes=\"(max-width: 576px) 100vw, 576px\" \/><\/figure>\n\n\n\n<p class=\"has-small-font-size\"><strong><a href=\"https:\/\/www.youtube.com\/channel\/UCd-qwqIfJMIx7xqRDe3vBmg\" target=\"_blank\" rel=\"noreferrer noopener\">CANAL ESTRELAS INCR\u00cdVEIS ACESSE AQUI<\/a><\/strong><\/p>\n<\/div>\n\n\n\n<div class=\"wp-block-column is-layout-flow wp-block-column-is-layout-flow\">\n<figure class=\"wp-block-image size-large\"><img loading=\"lazy\" decoding=\"async\" width=\"576\" height=\"1024\" src=\"https:\/\/pauloboccanunes.com.br\/wp-content\/uploads\/2024\/03\/CONTATO-COSMICO_YOUTUBE-576x1024.jpg\" alt=\"\" class=\"wp-image-2213\" srcset=\"https:\/\/pauloboccanunes.com.br\/wp-content\/uploads\/2024\/03\/CONTATO-COSMICO_YOUTUBE-576x1024.jpg 576w, https:\/\/pauloboccanunes.com.br\/wp-content\/uploads\/2024\/03\/CONTATO-COSMICO_YOUTUBE-169x300.jpg 169w, https:\/\/pauloboccanunes.com.br\/wp-content\/uploads\/2024\/03\/CONTATO-COSMICO_YOUTUBE-768x1365.jpg 768w, https:\/\/pauloboccanunes.com.br\/wp-content\/uploads\/2024\/03\/CONTATO-COSMICO_YOUTUBE-864x1536.jpg 864w, https:\/\/pauloboccanunes.com.br\/wp-content\/uploads\/2024\/03\/CONTATO-COSMICO_YOUTUBE.jpg 1080w\" sizes=\"(max-width: 576px) 100vw, 576px\" \/><\/figure>\n\n\n\n<p class=\"has-small-font-size\"><strong><a href=\"https:\/\/www.youtube.com\/channel\/UCfmuEfOsJ3zwgEDWN2djqQA\" target=\"_blank\" rel=\"noreferrer noopener\">CANAL CONTATO C\u00d3SMICO ACESSE AQUI<\/a><\/strong><\/p>\n<\/div>\n\n\n\n<div class=\"wp-block-column is-layout-flow wp-block-column-is-layout-flow\">\n<figure class=\"wp-block-image size-large is-resized\"><img loading=\"lazy\" decoding=\"async\" width=\"576\" height=\"1024\" src=\"https:\/\/pauloboccanunes.com.br\/wp-content\/uploads\/2024\/03\/FACEBOOK_LEITURA-POP-1-576x1024.jpg\" alt=\"\" class=\"wp-image-2228\" style=\"width:274px;height:auto\" srcset=\"https:\/\/pauloboccanunes.com.br\/wp-content\/uploads\/2024\/03\/FACEBOOK_LEITURA-POP-1-576x1024.jpg 576w, https:\/\/pauloboccanunes.com.br\/wp-content\/uploads\/2024\/03\/FACEBOOK_LEITURA-POP-1-169x300.jpg 169w, https:\/\/pauloboccanunes.com.br\/wp-content\/uploads\/2024\/03\/FACEBOOK_LEITURA-POP-1-768x1365.jpg 768w, https:\/\/pauloboccanunes.com.br\/wp-content\/uploads\/2024\/03\/FACEBOOK_LEITURA-POP-1-864x1536.jpg 864w, https:\/\/pauloboccanunes.com.br\/wp-content\/uploads\/2024\/03\/FACEBOOK_LEITURA-POP-1.jpg 1080w\" sizes=\"(max-width: 576px) 100vw, 576px\" \/><\/figure>\n\n\n\n<p class=\"has-small-font-size\"><strong><a href=\"https:\/\/www.facebook.com\/profile.php?id=100083726707213\" target=\"_blank\" rel=\"noreferrer noopener\">FACEBOOK ACESSE AQUI.<\/a><\/strong><\/p>\n<\/div>\n<\/div>\n\n\n\n<div class=\"wp-block-columns is-layout-flex wp-container-core-columns-is-layout-9d6595d7 wp-block-columns-is-layout-flex\">\n<div class=\"wp-block-column is-layout-flow wp-block-column-is-layout-flow\">\n<figure class=\"wp-block-image size-large\"><img loading=\"lazy\" decoding=\"async\" width=\"576\" height=\"1024\" src=\"https:\/\/pauloboccanunes.com.br\/wp-content\/uploads\/2024\/03\/KAWAY_PAULO-576x1024.jpg\" alt=\"\" class=\"wp-image-2217\" srcset=\"https:\/\/pauloboccanunes.com.br\/wp-content\/uploads\/2024\/03\/KAWAY_PAULO-576x1024.jpg 576w, https:\/\/pauloboccanunes.com.br\/wp-content\/uploads\/2024\/03\/KAWAY_PAULO-169x300.jpg 169w, https:\/\/pauloboccanunes.com.br\/wp-content\/uploads\/2024\/03\/KAWAY_PAULO-768x1365.jpg 768w, https:\/\/pauloboccanunes.com.br\/wp-content\/uploads\/2024\/03\/KAWAY_PAULO-864x1536.jpg 864w, https:\/\/pauloboccanunes.com.br\/wp-content\/uploads\/2024\/03\/KAWAY_PAULO.jpg 1080w\" sizes=\"(max-width: 576px) 100vw, 576px\" \/><\/figure>\n\n\n\n<p>KWAY<\/p>\n<\/div>\n\n\n\n<div class=\"wp-block-column is-layout-flow wp-block-column-is-layout-flow\">\n<figure class=\"wp-block-image size-large\"><img loading=\"lazy\" decoding=\"async\" width=\"576\" height=\"1024\" src=\"https:\/\/pauloboccanunes.com.br\/wp-content\/uploads\/2024\/03\/TIKTOK_PAULO-576x1024.jpg\" alt=\"\" class=\"wp-image-2218\" srcset=\"https:\/\/pauloboccanunes.com.br\/wp-content\/uploads\/2024\/03\/TIKTOK_PAULO-576x1024.jpg 576w, https:\/\/pauloboccanunes.com.br\/wp-content\/uploads\/2024\/03\/TIKTOK_PAULO-169x300.jpg 169w, https:\/\/pauloboccanunes.com.br\/wp-content\/uploads\/2024\/03\/TIKTOK_PAULO-768x1365.jpg 768w, https:\/\/pauloboccanunes.com.br\/wp-content\/uploads\/2024\/03\/TIKTOK_PAULO-864x1536.jpg 864w, https:\/\/pauloboccanunes.com.br\/wp-content\/uploads\/2024\/03\/TIKTOK_PAULO.jpg 1080w\" sizes=\"(max-width: 576px) 100vw, 576px\" \/><\/figure>\n\n\n\n<p>TIK TOK<\/p>\n<\/div>\n\n\n\n<div class=\"wp-block-column is-layout-flow wp-block-column-is-layout-flow\"><\/div>\n<\/div>\n","protected":false},"excerpt":{"rendered":"<p>Paulo Bocca Nunes est\u00e1 em v\u00e1rias m\u00eddias digitais com diversos tipos de conte\u00fados. S\u00e3o sites, canais do Youtube e redes sociais. Ao acessar, inscreva-se ou siga ACESSE O CANAL LEITURA POP AQUI ACESAL LIGADO NO PORTUGU\u00caS AQUI. ACESSE O CANAL PAULO BOCCA AQUI. SITE LEITURA POP ACESSE AQUI SITE LIGADO NO PORTUGU\u00caS ACESSE AQUI FACEBOOK &hellip; <\/p>\n","protected":false},"author":1,"featured_media":0,"parent":0,"menu_order":0,"comment_status":"closed","ping_status":"closed","template":"","meta":{"ngg_post_thumbnail":0,"footnotes":""},"class_list":["post-1453","page","type-page","status-publish","hentry"],"_links":{"self":[{"href":"https:\/\/pauloboccanunes.com.br\/index.php\/wp-json\/wp\/v2\/pages\/1453","targetHints":{"allow":["GET"]}}],"collection":[{"href":"https:\/\/pauloboccanunes.com.br\/index.php\/wp-json\/wp\/v2\/pages"}],"about":[{"href":"https:\/\/pauloboccanunes.com.br\/index.php\/wp-json\/wp\/v2\/types\/page"}],"author":[{"embeddable":true,"href":"https:\/\/pauloboccanunes.com.br\/index.php\/wp-json\/wp\/v2\/users\/1"}],"replies":[{"embeddable":true,"href":"https:\/\/pauloboccanunes.com.br\/index.php\/wp-json\/wp\/v2\/comments?post=1453"}],"version-history":[{"count":18,"href":"https:\/\/pauloboccanunes.com.br\/index.php\/wp-json\/wp\/v2\/pages\/1453\/revisions"}],"predecessor-version":[{"id":2229,"href":"https:\/\/pauloboccanunes.com.br\/index.php\/wp-json\/wp\/v2\/pages\/1453\/revisions\/2229"}],"wp:attachment":[{"href":"https:\/\/pauloboccanunes.com.br\/index.php\/wp-json\/wp\/v2\/media?parent=1453"}],"curies":[{"name":"wp","href":"https:\/\/api.w.org\/{rel}","templated":true}]}}