{"id":3590,"date":"2026-02-26T09:12:57","date_gmt":"2026-02-26T12:12:57","guid":{"rendered":"https:\/\/pauloboccanunes.com.br\/?page_id=3590"},"modified":"2026-02-26T09:21:35","modified_gmt":"2026-02-26T12:21:35","slug":"textos-esparsos","status":"publish","type":"page","link":"https:\/\/pauloboccanunes.com.br\/index.php\/textos-esparsos\/","title":{"rendered":"TEXTOS ESPARSOS"},"content":{"rendered":"\n<p>Alguns textos, rascunhos de ideias ou qualquer coisa que me tenha vindo \u00e0 mente em um dia qualquer.<\/p>\n\n\n\n<p><a href=\"https:\/\/pauloboccanunes.com.br\/index.php\/2025\/02\/02\/saudades-de-outras-terras\" target=\"_blank\" rel=\"noreferrer noopener\"><strong><mark style=\"background-color:rgba(0, 0, 0, 0);color:#000dff\" class=\"has-inline-color\">Saudades De Outras Terras<\/mark><\/strong><\/a><\/p>\n\n\n\n<p><a href=\"https:\/\/pauloboccanunes.com.br\/index.php\/2025\/02\/02\/chuva-e-sussurros\" target=\"_blank\" rel=\"noreferrer noopener\"><strong><mark style=\"background-color:rgba(0, 0, 0, 0);color:#0004ff\" class=\"has-inline-color\">Chuva e Sussurros<\/mark><\/strong><\/a><\/p>\n\n\n\n<p><a href=\"https:\/\/pauloboccanunes.com.br\/index.php\/2025\/02\/02\/o-incrivel-mundo-das-distancias\" target=\"_blank\" rel=\"noreferrer noopener\"><strong><mark style=\"background-color:rgba(0, 0, 0, 0);color:#1100ff\" class=\"has-inline-color\">O Incr\u00edvel Mundo das Dist\u00e2ncias<\/mark><\/strong><\/a><\/p>\n\n\n\n<p><\/p>\n","protected":false},"excerpt":{"rendered":"<p>Alguns textos, rascunhos de ideias ou qualquer coisa que me tenha vindo \u00e0 mente em um dia qualquer. Saudades De Outras Terras Chuva e Sussurros O Incr\u00edvel Mundo das Dist\u00e2ncias<\/p>\n","protected":false},"author":1,"featured_media":3593,"parent":0,"menu_order":0,"comment_status":"closed","ping_status":"closed","template":"","meta":{"ngg_post_thumbnail":0,"footnotes":""},"class_list":["post-3590","page","type-page","status-publish","has-post-thumbnail","hentry"],"_links":{"self":[{"href":"https:\/\/pauloboccanunes.com.br\/index.php\/wp-json\/wp\/v2\/pages\/3590","targetHints":{"allow":["GET"]}}],"collection":[{"href":"https:\/\/pauloboccanunes.com.br\/index.php\/wp-json\/wp\/v2\/pages"}],"about":[{"href":"https:\/\/pauloboccanunes.com.br\/index.php\/wp-json\/wp\/v2\/types\/page"}],"author":[{"embeddable":true,"href":"https:\/\/pauloboccanunes.com.br\/index.php\/wp-json\/wp\/v2\/users\/1"}],"replies":[{"embeddable":true,"href":"https:\/\/pauloboccanunes.com.br\/index.php\/wp-json\/wp\/v2\/comments?post=3590"}],"version-history":[{"count":2,"href":"https:\/\/pauloboccanunes.com.br\/index.php\/wp-json\/wp\/v2\/pages\/3590\/revisions"}],"predecessor-version":[{"id":3596,"href":"https:\/\/pauloboccanunes.com.br\/index.php\/wp-json\/wp\/v2\/pages\/3590\/revisions\/3596"}],"wp:featuredmedia":[{"embeddable":true,"href":"https:\/\/pauloboccanunes.com.br\/index.php\/wp-json\/wp\/v2\/media\/3593"}],"wp:attachment":[{"href":"https:\/\/pauloboccanunes.com.br\/index.php\/wp-json\/wp\/v2\/media?parent=3590"}],"curies":[{"name":"wp","href":"https:\/\/api.w.org\/{rel}","templated":true}]}}